 {"id":218,"date":"2020-05-12T03:43:04","date_gmt":"2020-05-12T03:43:04","guid":{"rendered":"http:\/\/flowcubets.com\/?page_id=218"},"modified":"2025-10-14T14:15:47","modified_gmt":"2025-10-14T18:15:47","slug":"about","status":"publish","type":"page","link":"https:\/\/flowcubets.com\/?page_id=218","title":{"rendered":"Sobre FlowCube Technology"},"content":{"rendered":"\n<div class=\"wp-block-group alignfull\"><div class=\"wp-block-group__inner-container is-layout-constrained wp-block-group-is-layout-constrained\">\n<div class=\"wp-block-columns alignwide is-layout-flex wp-container-core-columns-is-layout-9d6595d7 wp-block-columns-is-layout-flex\">\n<div class=\"wp-block-column is-vertically-aligned-top is-layout-flow wp-block-column-is-layout-flow\">\n<h3 class=\"wp-block-heading alignfull has-text-align-right\"><\/h3>\n<\/div>\n\n\n\n<div class=\"wp-block-column is-layout-flow wp-block-column-is-layout-flow\">\n<figure class=\"wp-block-gallery has-nested-images columns-default is-cropped wp-block-gallery-1 is-layout-flex wp-block-gallery-is-layout-flex\">\n<figure class=\"wp-block-image size-full\"><img loading=\"lazy\" decoding=\"async\" width=\"7500\" height=\"4998\" data-id=\"567\" src=\"https:\/\/flowcubets.com\/wp-content\/uploads\/2021\/12\/Trasparente-Logo-Flow-Cunbe.png\" alt=\"\" class=\"wp-image-567\"\/><\/figure>\n<\/figure>\n<\/div>\n\n\n\n<div class=\"wp-block-column is-vertically-aligned-top is-layout-flow wp-block-column-is-layout-flow\">\n<p class=\"has-text-align-left\">Fl<strong>owCube Technology Services, es una empresa especializada en ofrecer soluciones integrales de tecnolog\u00eda y sistemas de seguridad, dise\u00f1ada para satisfacer las crecientes necesidades del entorno digital actual. Hemos establecido un s\u00f3lido compromiso con la innovaci\u00f3n, la calidad y la confiabilidad, trabajando para que nuestros clientes cuenten con las herramientas tecnol\u00f3gicas m\u00e1s avanzadas y seguras.<\/strong><\/p>\n\n\n\n<p><\/p>\n\n\n\n<h3 class=\"wp-block-heading\">Establecidos desde 2019<\/h3>\n<\/div>\n<\/div>\n<\/div><\/div>\n\n\n\n<blockquote class=\"wp-block-quote is-layout-flow wp-block-quote-is-layout-flow\"><\/blockquote>\n\n\n\n<p><\/p>\n","protected":false},"excerpt":{"rendered":"<p>FlowCube Technology Services, es una empresa especializada en ofrecer soluciones integrales de tecnolog\u00eda y sistemas de seguridad, dise\u00f1ada para satisfacer las crecientes necesidades del entorno digital actual. Hemos establecido un s\u00f3lido compromiso con la innovaci\u00f3n, la calidad y la confiabilidad, trabajando para que nuestros clientes cuenten con las herramientas tecnol\u00f3gicas m\u00e1s avanzadas y seguras. Establecidos&#8230;<\/p>\n","protected":false},"author":2,"featured_media":642,"parent":0,"menu_order":0,"comment_status":"closed","ping_status":"closed","template":"","meta":{"om_disable_all_campaigns":false,"_monsterinsights_skip_tracking":false,"_monsterinsights_sitenote_active":false,"_monsterinsights_sitenote_note":"","_monsterinsights_sitenote_category":0,"_kadence_starter_templates_imported_post":false,"_kad_post_transparent":"default","_kad_post_title":"default","_kad_post_layout":"normal","_kad_post_sidebar_id":"","_kad_post_content_style":"","_kad_post_vertical_padding":"default","_kad_post_feature":"","_kad_post_feature_position":"","_kad_post_header":false,"_kad_post_footer":false,"footnotes":""},"class_list":["post-218","page","type-page","status-publish","has-post-thumbnail","hentry"],"aioseo_notices":[],"_links":{"self":[{"href":"https:\/\/flowcubets.com\/index.php?rest_route=\/wp\/v2\/pages\/218","targetHints":{"allow":["GET"]}}],"collection":[{"href":"https:\/\/flowcubets.com\/index.php?rest_route=\/wp\/v2\/pages"}],"about":[{"href":"https:\/\/flowcubets.com\/index.php?rest_route=\/wp\/v2\/types\/page"}],"author":[{"embeddable":true,"href":"https:\/\/flowcubets.com\/index.php?rest_route=\/wp\/v2\/users\/2"}],"replies":[{"embeddable":true,"href":"https:\/\/flowcubets.com\/index.php?rest_route=%2Fwp%2Fv2%2Fcomments&post=218"}],"version-history":[{"count":14,"href":"https:\/\/flowcubets.com\/index.php?rest_route=\/wp\/v2\/pages\/218\/revisions"}],"predecessor-version":[{"id":654,"href":"https:\/\/flowcubets.com\/index.php?rest_route=\/wp\/v2\/pages\/218\/revisions\/654"}],"wp:featuredmedia":[{"embeddable":true,"href":"https:\/\/flowcubets.com\/index.php?rest_route=\/wp\/v2\/media\/642"}],"wp:attachment":[{"href":"https:\/\/flowcubets.com\/index.php?rest_route=%2Fwp%2Fv2%2Fmedia&parent=218"}],"curies":[{"name":"wp","href":"https:\/\/api.w.org\/{rel}","templated":true}]}}